{"id":15,"date":"2022-04-19T19:32:45","date_gmt":"2022-04-19T19:32:45","guid":{"rendered":"https:\/\/ciits.ca\/?page_id=15"},"modified":"2022-10-12T12:22:21","modified_gmt":"2022-10-12T18:22:21","slug":"contact-us","status":"publish","type":"page","link":"https:\/\/ciits.ca\/index.php\/contact-us\/","title":{"rendered":"Get in touch:"},"content":{"rendered":"<div class=\"wp-block-jetpack-contact-form\"><a href=\"https:\/\/ciits.ca\/index.php\/contact-us\/\" target=\"_blank\" rel=\"noopener noreferrer\">Submit a form.<\/a><\/div>\r\n\r\n\r\n<p>Need to discuss urgent business matters, give us a call at\u00a0<\/p>\r\n\r\n\r\n\r\n<p>+1 306-425-8818 <br \/>+1 306-425-1771<\/p>\r\n\r\n\r\n\r\n<p>Send inquiries to <a href=\"mailto:info@ciits.ca\" target=\"_blank\" rel=\"noopener\">info@ciits.ca\u00a0<\/a><\/p>\r\n<hr \/>\r\n<p style=\"text-align: center;\"><strong>Woodland Cree Words:<\/strong><\/p>\r\n<div class=\"wp-block-group\">\r\n<p><img loading=\"lazy\" decoding=\"async\" class=\"alignleft wp-image-113 \" src=\"https:\/\/ciits.ca\/wp-content\/uploads\/2022\/10\/computer.png\" alt=\"\" width=\"50\" height=\"42\" \/>Computer &#8211; <em>mamaht\u0101wi-\u0101pacihcikan<\/em> &#8211; Literal meaning is an astonishing or amazing device or tool.<\/p>\r\n<!--[if lt IE 9]><script>document.createElement('audio');<\/script><![endif]-->\n<audio class=\"wp-audio-shortcode\" id=\"audio-15-1\" preload=\"none\" style=\"width: 100%;\" controls=\"controls\"><source type=\"audio\/mpeg\" src=\"https:\/\/ciits.ca\/wp-content\/uploads\/2022\/10\/computer.mp3?_=1\" \/><a href=\"https:\/\/ciits.ca\/wp-content\/uploads\/2022\/10\/computer.mp3\">https:\/\/ciits.ca\/wp-content\/uploads\/2022\/10\/computer.mp3<\/a><\/audio>\r\n<hr \/>\r\n<p><img loading=\"lazy\" decoding=\"async\" class=\"alignleft  wp-image-114\" src=\"https:\/\/ciits.ca\/wp-content\/uploads\/2022\/10\/tablet.png\" alt=\"\" width=\"50\" height=\"57\" \/>Mobile device &#8211; <em>mamaht\u0101wi-\u0101pacihcikanis<\/em> &#8211; Literal meaning is a small astonishing or amazing device or tool.<\/p>\r\n<audio class=\"wp-audio-shortcode\" id=\"audio-15-2\" preload=\"none\" style=\"width: 100%;\" controls=\"controls\"><source type=\"audio\/mpeg\" src=\"https:\/\/ciits.ca\/wp-content\/uploads\/2022\/10\/mobile-device2.mp3?_=2\" \/><a href=\"https:\/\/ciits.ca\/wp-content\/uploads\/2022\/10\/mobile-device2.mp3\">https:\/\/ciits.ca\/wp-content\/uploads\/2022\/10\/mobile-device2.mp3<\/a><\/audio>\r\n<p>&nbsp;<\/p>\r\n<\/div>\r\n<p>&nbsp;<\/p>","protected":false},"excerpt":{"rendered":"<p>Need to discuss urgent business matters, give us a call at\u00a0 +1 306-425-8818 +1 306-425-1771 Send inquiries to info@ciits.ca\u00a0 Woodland Cree Words: Computer &#8211; mamaht\u0101wi-\u0101pacihcikan &#8211; Literal meaning is an astonishing or amazing device or tool. Mobile device &#8211; mamaht\u0101wi-\u0101pacihcikanis &hellip; <a href=\"https:\/\/ciits.ca\/index.php\/contact-us\/\">Continue reading <span class=\"meta-nav\">&rarr;<\/span><\/a><\/p>\n","protected":false},"author":2,"featured_media":0,"parent":0,"menu_order":0,"comment_status":"closed","ping_status":"closed","template":"","meta":{"footnotes":""},"class_list":["post-15","page","type-page","status-publish","hentry"],"jetpack_sharing_enabled":true,"_links":{"self":[{"href":"https:\/\/ciits.ca\/index.php\/wp-json\/wp\/v2\/pages\/15","targetHints":{"allow":["GET"]}}],"collection":[{"href":"https:\/\/ciits.ca\/index.php\/wp-json\/wp\/v2\/pages"}],"about":[{"href":"https:\/\/ciits.ca\/index.php\/wp-json\/wp\/v2\/types\/page"}],"author":[{"embeddable":true,"href":"https:\/\/ciits.ca\/index.php\/wp-json\/wp\/v2\/users\/2"}],"replies":[{"embeddable":true,"href":"https:\/\/ciits.ca\/index.php\/wp-json\/wp\/v2\/comments?post=15"}],"version-history":[{"count":6,"href":"https:\/\/ciits.ca\/index.php\/wp-json\/wp\/v2\/pages\/15\/revisions"}],"predecessor-version":[{"id":120,"href":"https:\/\/ciits.ca\/index.php\/wp-json\/wp\/v2\/pages\/15\/revisions\/120"}],"wp:attachment":[{"href":"https:\/\/ciits.ca\/index.php\/wp-json\/wp\/v2\/media?parent=15"}],"curies":[{"name":"wp","href":"https:\/\/api.w.org\/{rel}","templated":true}]}}